{"id":7749,"date":"2025-07-31T15:31:15","date_gmt":"2025-07-31T13:31:15","guid":{"rendered":"https:\/\/michaelkobs.de\/?page_id=7749"},"modified":"2025-08-04T12:30:49","modified_gmt":"2025-08-04T10:30:49","slug":"qualitaetserklaerung","status":"publish","type":"page","link":"https:\/\/michaelkobs.de\/en\/qualitaetserklaerung\/","title":{"rendered":"Qualit\u00e4tserkl\u00e4rung zur DIN EN ISO 9001"},"content":{"rendered":"<div data-elementor-type=\"wp-page\" data-elementor-id=\"7749\" class=\"elementor elementor-7749\" data-elementor-post-type=\"page\">\n\t\t\t\t<div class=\"elementor-element elementor-element-22433b50 e-con-full bodyContainer e-flex e-con e-parent\" data-id=\"22433b50\" data-element_type=\"container\">\n\t\t<div class=\"elementor-element elementor-element-374841ff e-con-full e-flex e-con e-child\" data-id=\"374841ff\" data-element_type=\"container\" data-settings=\"{&quot;background_background&quot;:&quot;classic&quot;}\">\n\t\t<div class=\"elementor-element elementor-element-3c36c2e e-grid e-con-full e-con e-child\" data-id=\"3c36c2e\" data-element_type=\"container\">\n\t\t\t\t<div class=\"elementor-element elementor-element-3e9f39b elementor-widget elementor-widget-text-editor\" data-id=\"3e9f39b\" data-element_type=\"widget\" data-widget_type=\"text-editor.default\">\n\t\t\t\t<div class=\"elementor-widget-container\">\n\t\t\t\t\t\t\t\t\t<div class=\"ce_text w1-2 block\">\n<p>Die coniuGo.bes.tech GmbH entwickelt, produziert und vertreibt Telekommunikationstechnik f\u00fcr industrielle Anwendungen in GSM- Funktelefonnetzen. Dieser T\u00e4tigkeitsbereich umfasst sowohl die Erstellung der anwendungsbezogenen Software als auch Fertigung und Vertrieb der korrespondierenden Hardwarel\u00f6sungen. Ein weiteres Gesch\u00e4ftsfeld der\u00a0coniuGo.bes.tech GmbH ist ein Kompetenz-Center f\u00fcr GSM-Technik, \u00fcber das Dienstleistungen wie Beratung und Technischer Support angeboten werden.<\/p>\n<p>Entsprechend der Ausrichtung seiner Gesch\u00e4ftsfelder stellt das Unternehmen die Durchsetzung der hierf\u00fcr relevanten Normen und Regelwerke sicher. Neben den Normen des DIN, der ISO und des VDE sind dies auch Standards, die von ad hoc- Arbeitsgruppen weltweit f\u00fchrender Unternehmen des Technologiesektors Telekommunikation festgelegt werden.<\/p>\n<p>Im Zentrum der Qualit\u00e4tspolitik der\u00a0coniuGo.bes.tech GmbH steht der Kunde mit seiner Erwartung an das Produkt oder die Dienstleistung. Qualit\u00e4t bedeutet in diesem Zusammenhang, dass jeder Gesch\u00e4ftspartner &#8211; vom ersten Kontakt, \u00fcber die Angebots- und Vertragsgestaltung bis hin zur Auftragsausf\u00fchrung und dem technischen Support &#8211; eine engagierte, am bestm\u00f6glichen technischen Standard orientierte Zusammenarbeit erwarten kann. Auch gegen\u00fcber Kunden im Ausland dokumentiert die Anwendung der Qualit\u00e4tsnorm, dass die\u00a0coniuGo.bes.tech GmbH hinsichtlich ihrer Qualit\u00e4tspolitik internationale Standards uneingeschr\u00e4nkt erf\u00fcllt.<\/p>\n<p>Die Qualit\u00e4tspolitik des Unternehmens bedingt auch, dass Lieferanten in die Optimierung der sie betreffenden Prozesse eingebunden sind und hinsichtlich ihrer Leistungsf\u00e4higkeit \u00fcberwacht werden. Der Kunde kann von der\u00a0coniuGo.bes.tech GmbH eine termingerechte Lieferung und eine optimale Preis \/ Leistungsrelation erwarten.<\/p>\n<\/div>\t\t\t\t\t\t\t\t<\/div>\n\t\t\t\t<\/div>\n\t\t\t\t<div class=\"elementor-element elementor-element-d2dbf01 elementor-widget elementor-widget-text-editor\" data-id=\"d2dbf01\" data-element_type=\"widget\" data-widget_type=\"text-editor.default\">\n\t\t\t\t<div class=\"elementor-widget-container\">\n\t\t\t\t\t\t\t\t\t<div class=\"ce_text w1-2 block\">\n<div class=\"ce_text w1-2 w1-2-last block\">\n<p>Qualit\u00e4tsmanagement wird von der Gesch\u00e4ftsf\u00fchrung als eine \u00fcber die reine Kundenorientierung hinaus reichende Verantwortung betrachtet. Wirkliche Qualit\u00e4t kann nur entstehen, wenn darin die Organisation der internen Abl\u00e4ufe eingeschlossen ist und alle Mitarbeiterinnen und Mitarbeiter sich auch gegenseitig als &#8222;Kunden&#8220; betrachten. Dieses weitreichende Qualit\u00e4tsbewusstsein ist eine tragende S\u00e4ule der Firmenkultur und dient gleicherma\u00dfen der Arbeitszufriedenheit wie der Sicherung anspruchsvoller Arbeitspl\u00e4tze in einem selbstbewussten und zugleich selbstkritischen Team. Aus dieser Verantwortung heraus ist die Gesch\u00e4ftsleitung allen Fragen der Qualit\u00e4t in besonderem Ma\u00dfe verpflichtet. Bei der\u00a0coniuGo.bes.tech GmbH ist der Gesch\u00e4ftsf\u00fchrer zugleich auch der Beauftragte f\u00fcr das Qualit\u00e4tsmanagement.<\/p>\n<p>Zur Erf\u00fcllung der Qualit\u00e4tsverpflichtung verf\u00fcgt die\u00a0coniuGo.bes.tech GmbH \u00fcber ein Qualit\u00e4tsmanagementsystem, das konform zur Norm DIN EN ISO 9001 ist und st\u00e4ndig den aktuellen Erfordernissen der Qualit\u00e4tssicherung im Unternehmen sowie der Fortentwicklung der Normung angepasst wird. Das QM-System wird intern und extern auditiert, damit seine Funktion sowohl durch innerbetriebliche Ma\u00dfnahmen als auch durch externe, unabh\u00e4ngige Fachkompetenz kontrolliert ist.<\/p>\n<p>Die bei der\u00a0coniuGo.bes.tech GmbH aktiven Elemente des Qualit\u00e4tsmanagements sind:<\/p>\n<ul>\n<li>Das Qualit\u00e4tsmanagementhandbuch, das die Arbeitsabl\u00e4ufe qualit\u00e4tsgerecht standardisiert und alle Dokumentvorlagen enth\u00e4lt, damit Nachvollziehbarkeit und R\u00fcckverfolgbarkeit aller Vorg\u00e4nge und Arbeitsabl\u00e4ufe gew\u00e4hrleistet sind.<\/li>\n<li>Der Beauftragte f\u00fcr das Qualit\u00e4tsmanagement, der die Erf\u00fcllung der Forderungen der Norm und die Beachtung der Richtlinien des Qualit\u00e4tshandbuchs \u00fcberwacht.<\/li>\n<\/ul>\n<p>Die Qualit\u00e4tsverpflichtung der Gesch\u00e4ftsleitung stellt sicher, dass das Qualit\u00e4tsmanagement zur Zufriedenheit der Kunden, zum Erfolg aller Gesch\u00e4ftspartner und zum Wohl von Mitarbeiterinnen und Mitarbeitern seinen Beitrag leistet.<\/p>\n<\/div>\n<\/div>\t\t\t\t\t\t\t\t<\/div>\n\t\t\t\t<\/div>\n\t\t\t\t<\/div>\n\t\t\t\t<\/div>\n\t\t\t\t<\/div>\n\t\t\t\t<\/div>","protected":false},"excerpt":{"rendered":"<p>Die coniuGo.bes.tech GmbH entwickelt, produziert und vertreibt Telekommunikationstechnik f\u00fcr industrielle Anwendungen in GSM- Funktelefonnetzen. Dieser T\u00e4tigkeitsbereich umfasst sowohl die Erstellung der anwendungsbezogenen Software als auch Fertigung und Vertrieb der korrespondierenden Hardwarel\u00f6sungen. Ein weiteres Gesch\u00e4ftsfeld der\u00a0coniuGo.bes.tech GmbH ist ein Kompetenz-Center f\u00fcr GSM-Technik, \u00fcber das Dienstleistungen wie Beratung und Technischer Support angeboten werden. Entsprechend der Ausrichtung seiner [&hellip;]<\/p>","protected":false},"author":6,"featured_media":0,"parent":0,"menu_order":0,"comment_status":"closed","ping_status":"closed","template":"","meta":{"_acf_changed":false,"footnotes":""},"company":[5],"characteristic":[127],"class_list":["post-7749","page","type-page","status-publish","hentry","company-coniugo","characteristic-info"],"acf":[],"_links":{"self":[{"href":"https:\/\/michaelkobs.de\/en\/wp-json\/wp\/v2\/pages\/7749","targetHints":{"allow":["GET"]}}],"collection":[{"href":"https:\/\/michaelkobs.de\/en\/wp-json\/wp\/v2\/pages"}],"about":[{"href":"https:\/\/michaelkobs.de\/en\/wp-json\/wp\/v2\/types\/page"}],"author":[{"embeddable":true,"href":"https:\/\/michaelkobs.de\/en\/wp-json\/wp\/v2\/users\/6"}],"replies":[{"embeddable":true,"href":"https:\/\/michaelkobs.de\/en\/wp-json\/wp\/v2\/comments?post=7749"}],"version-history":[{"count":0,"href":"https:\/\/michaelkobs.de\/en\/wp-json\/wp\/v2\/pages\/7749\/revisions"}],"wp:attachment":[{"href":"https:\/\/michaelkobs.de\/en\/wp-json\/wp\/v2\/media?parent=7749"}],"wp:term":[{"taxonomy":"company","embeddable":true,"href":"https:\/\/michaelkobs.de\/en\/wp-json\/wp\/v2\/company?post=7749"},{"taxonomy":"characteristic","embeddable":true,"href":"https:\/\/michaelkobs.de\/en\/wp-json\/wp\/v2\/characteristic?post=7749"}],"curies":[{"name":"wp","href":"https:\/\/api.w.org\/{rel}","templated":true}]}}