{"id":7722,"date":"2025-07-31T15:03:03","date_gmt":"2025-07-31T13:03:03","guid":{"rendered":"https:\/\/michaelkobs.de\/?page_id=7722"},"modified":"2025-08-04T14:57:17","modified_gmt":"2025-08-04T12:57:17","slug":"unternehmen","status":"publish","type":"page","link":"https:\/\/michaelkobs.de\/en\/unternehmen\/","title":{"rendered":"Unternehmen"},"content":{"rendered":"<div data-elementor-type=\"wp-page\" data-elementor-id=\"7722\" class=\"elementor elementor-7722\" data-elementor-post-type=\"page\">\n\t\t\t\t<div class=\"elementor-element elementor-element-67aa2a4c e-con-full bodyContainer e-flex e-con e-parent\" data-id=\"67aa2a4c\" data-element_type=\"container\">\n\t\t<div class=\"elementor-element elementor-element-8b39ecc e-con-full e-flex e-con e-child\" data-id=\"8b39ecc\" data-element_type=\"container\">\n\t\t<div class=\"elementor-element elementor-element-9944ae5 e-con-full e-flex e-con e-child\" data-id=\"9944ae5\" data-element_type=\"container\">\n\t\t<div class=\"elementor-element elementor-element-0757e05 e-con-full e-flex e-con e-child\" data-id=\"0757e05\" data-element_type=\"container\">\n\t\t\t\t<\/div>\n\t\t<div class=\"elementor-element elementor-element-17f5b4b e-con-full e-flex e-con e-child\" data-id=\"17f5b4b\" data-element_type=\"container\">\n\t\t\t\t<div class=\"elementor-element elementor-element-34c43917 elementor-widget elementor-widget-text-editor\" data-id=\"34c43917\" data-element_type=\"widget\" data-widget_type=\"text-editor.default\">\n\t\t\t\t<div class=\"elementor-widget-container\">\n\t\t\t\t\t\t\t\t\t<p>coniuGo entwickelt, produziert und vertreibt speziell auf Kundenanwendungen zugeschnittene L\u00f6sungen im Bereich der Telekommunikation in GSM Netzen. Schwerpunkt sind industrielle Anwendungen, deren Fragestellung durch Kombination modernster Hardware mit problembezogenem Software-engineering gel\u00f6st werden kann.<\/p><p>Datenfern\u00fcbertragung via SMS, Fax- und Sprachverbindungen f\u00fcr technische Prozesse, mobile Anwendungen; dieses und vieles andere ist heute m\u00f6glich, muss aber von Ingenieuren mit fundierter GSM-Erfahrung in die f\u00fcr die Problemstellung gew\u00fcnschte Funktionalit\u00e4t integriert werden. Durch die Kombination von Know-How im Hardware- wie im Softwarebereich bietet coniuGo f\u00fcr einfach erscheinende Anwendungen ebenso wie f\u00fcr hoch komplexe Fragestellungen anwendungsreife L\u00f6sung mit kurzen &#8222;Prototyping-Zeiten&#8220;.<\/p><p>Die Kompetenz des Unternehmens basiert auf langj\u00e4hriger Erfahrung im Bereich von Telekommunikation und GSM-Technik. Die das Unternehmen tragenden Ingenieure sind Experten mit Kundenorientierung und bilden das &#8222;human capital&#8220;, das unseren Kunden zugute kommt.<\/p><p>Kundenorientierung und Kompetenz f\u00fcr GSM-Technik werden bei coniuGo durch ein Qualit\u00e4tsmanagement gem\u00e4\u00df ISO 9001 erg\u00e4nzt, das alle Ebenen von der Produktentwicklung bis zur Supportdienstleistung umfasst. Dies sind die S\u00e4ulen, auf denen unser Erfolg ruht.<\/p>\t\t\t\t\t\t\t\t<\/div>\n\t\t\t\t<\/div>\n\t\t\t\t<div class=\"elementor-element elementor-element-67171f5 elementor-widget elementor-widget-heading\" data-id=\"67171f5\" data-element_type=\"widget\" data-widget_type=\"heading.default\">\n\t\t\t\t<div class=\"elementor-widget-container\">\n\t\t\t\t\t<h2 class=\"elementor-heading-title elementor-size-default\">Unsere Partner:<\/h2>\t\t\t\t<\/div>\n\t\t\t\t<\/div>\n\t\t<div class=\"elementor-element elementor-element-27e5b8c e-con-full e-flex e-con e-child\" data-id=\"27e5b8c\" data-element_type=\"container\">\n\t\t\t\t<div class=\"elementor-element elementor-element-b5cd853 elementor-widget elementor-widget-image\" data-id=\"b5cd853\" data-element_type=\"widget\" data-widget_type=\"image.default\">\n\t\t\t\t<div class=\"elementor-widget-container\">\n\t\t\t\t\t\t\t\t\t\t\t\t\t\t\t\t<a href=\"\/en\/wireless-netcontrol\/\">\n\t\t\t\t\t\t\t<img decoding=\"async\" src=\"https:\/\/michaelkobs.de\/wp-content\/uploads\/elementor\/thumbs\/Wireless-Logo-sameSizeBB-scaled-r54lnz1m35aqljmgmmiv6a3xph9t8jy4lp1ult19xu.jpg\" title=\"Wireless Logo sameSizeBB\" alt=\"Wireless Logo sameSizeBB\" loading=\"lazy\" \/>\t\t\t\t\t\t\t\t<\/a>\n\t\t\t\t\t\t\t\t\t\t\t\t\t\t\t<\/div>\n\t\t\t\t<\/div>\n\t\t\t\t<div class=\"elementor-element elementor-element-58fa93c elementor-widget elementor-widget-image\" data-id=\"58fa93c\" data-element_type=\"widget\" data-widget_type=\"image.default\">\n\t\t\t\t<div class=\"elementor-widget-container\">\n\t\t\t\t\t\t\t\t\t\t\t\t\t\t\t\t<a href=\"\/en\/bestech\/\">\n\t\t\t\t\t\t\t<img decoding=\"async\" src=\"https:\/\/michaelkobs.de\/wp-content\/uploads\/elementor\/thumbs\/Bestech-Logo-sameSize-r3pt9xhna7vsu1tb4oo8q8sekpqtvmzywtvyhg19ci.png\" title=\"Bestech Logo sameSize\" alt=\"Bestech Logo sameSize\" loading=\"lazy\" \/>\t\t\t\t\t\t\t\t<\/a>\n\t\t\t\t\t\t\t\t\t\t\t\t\t\t\t<\/div>\n\t\t\t\t<\/div>\n\t\t\t\t<\/div>\n\t\t\t\t<\/div>\n\t\t\t\t<\/div>\n\t\t<div class=\"elementor-element elementor-element-ca83c67 e-con-full e-flex e-con e-child\" data-id=\"ca83c67\" data-element_type=\"container\">\n\t\t\t\t<div class=\"elementor-element elementor-element-b1c8f38 elementor-widget elementor-widget-heading\" data-id=\"b1c8f38\" data-element_type=\"widget\" data-widget_type=\"heading.default\">\n\t\t\t\t<div class=\"elementor-widget-container\">\n\t\t\t\t\t<h2 class=\"elementor-heading-title elementor-size-default\">Unsere Vertriebspartner:<\/h2>\t\t\t\t<\/div>\n\t\t\t\t<\/div>\n\t\t\t\t<div class=\"elementor-element elementor-element-1379b22 elementor-widget elementor-widget-heading\" data-id=\"1379b22\" data-element_type=\"widget\" data-widget_type=\"heading.default\">\n\t\t\t\t<div class=\"elementor-widget-container\">\n\t\t\t\t\t<h2 class=\"elementor-heading-title elementor-size-default\">Auf der alten Seite w\u00e4ren hier Links mit Logos zu unseren Produkten - keine Ahnung wie das aber rechtlich aussieht.<\/h2>\t\t\t\t<\/div>\n\t\t\t\t<\/div>\n\t\t\t\t<\/div>\n\t\t\t\t<\/div>\n\t\t\t\t<\/div>\n\t\t\t\t<\/div>","protected":false},"excerpt":{"rendered":"<p>coniuGo entwickelt, produziert und vertreibt speziell auf Kundenanwendungen zugeschnittene L\u00f6sungen im Bereich der Telekommunikation in GSM Netzen. Schwerpunkt sind industrielle Anwendungen, deren Fragestellung durch Kombination modernster Hardware mit problembezogenem Software-engineering gel\u00f6st werden kann. Datenfern\u00fcbertragung via SMS, Fax- und Sprachverbindungen f\u00fcr technische Prozesse, mobile Anwendungen; dieses und vieles andere ist heute m\u00f6glich, muss aber von Ingenieuren [&hellip;]<\/p>","protected":false},"author":6,"featured_media":0,"parent":0,"menu_order":0,"comment_status":"closed","ping_status":"closed","template":"","meta":{"_acf_changed":false,"footnotes":""},"company":[5],"characteristic":[],"class_list":["post-7722","page","type-page","status-publish","hentry","company-coniugo"],"acf":[],"_links":{"self":[{"href":"https:\/\/michaelkobs.de\/en\/wp-json\/wp\/v2\/pages\/7722","targetHints":{"allow":["GET"]}}],"collection":[{"href":"https:\/\/michaelkobs.de\/en\/wp-json\/wp\/v2\/pages"}],"about":[{"href":"https:\/\/michaelkobs.de\/en\/wp-json\/wp\/v2\/types\/page"}],"author":[{"embeddable":true,"href":"https:\/\/michaelkobs.de\/en\/wp-json\/wp\/v2\/users\/6"}],"replies":[{"embeddable":true,"href":"https:\/\/michaelkobs.de\/en\/wp-json\/wp\/v2\/comments?post=7722"}],"version-history":[{"count":0,"href":"https:\/\/michaelkobs.de\/en\/wp-json\/wp\/v2\/pages\/7722\/revisions"}],"wp:attachment":[{"href":"https:\/\/michaelkobs.de\/en\/wp-json\/wp\/v2\/media?parent=7722"}],"wp:term":[{"taxonomy":"company","embeddable":true,"href":"https:\/\/michaelkobs.de\/en\/wp-json\/wp\/v2\/company?post=7722"},{"taxonomy":"characteristic","embeddable":true,"href":"https:\/\/michaelkobs.de\/en\/wp-json\/wp\/v2\/characteristic?post=7722"}],"curies":[{"name":"wp","href":"https:\/\/api.w.org\/{rel}","templated":true}]}}