{"id":7584,"date":"2025-07-30T13:13:00","date_gmt":"2025-07-30T11:13:00","guid":{"rendered":"https:\/\/michaelkobs.de\/?page_id=7584"},"modified":"2025-08-04T15:45:24","modified_gmt":"2025-08-04T13:45:24","slug":"at-befehle","status":"publish","type":"page","link":"https:\/\/michaelkobs.de\/en\/at-befehle\/","title":{"rendered":"AT-Befehle"},"content":{"rendered":"<div data-elementor-type=\"wp-page\" data-elementor-id=\"7584\" class=\"elementor elementor-7584\" data-elementor-post-type=\"page\">\n\t\t\t\t<div class=\"elementor-element elementor-element-57a1d06f e-con-full bodyContainer e-flex e-con e-parent\" data-id=\"57a1d06f\" data-element_type=\"container\">\n\t\t\t\t<div class=\"elementor-element elementor-element-73c28a3 elementor-widget elementor-widget-menu-anchor\" data-id=\"73c28a3\" data-element_type=\"widget\" data-widget_type=\"menu-anchor.default\">\n\t\t\t\t<div class=\"elementor-widget-container\">\n\t\t\t\t\t\t\t<div class=\"elementor-menu-anchor\" id=\"atbefehle\"><\/div>\n\t\t\t\t\t\t<\/div>\n\t\t\t\t<\/div>\n\t\t<div class=\"elementor-element elementor-element-11f01b07 e-con-full e-flex e-con e-child\" data-id=\"11f01b07\" data-element_type=\"container\" data-settings=\"{&quot;background_background&quot;:&quot;classic&quot;}\">\n\t\t\t\t<div class=\"elementor-element elementor-element-f794533 elementor-widget elementor-widget-heading\" data-id=\"f794533\" data-element_type=\"widget\" data-widget_type=\"heading.default\">\n\t\t\t\t<div class=\"elementor-widget-container\">\n\t\t\t\t\t<h1 class=\"elementor-heading-title elementor-size-default\">AT-Befehle<\/h1>\t\t\t\t<\/div>\n\t\t\t\t<\/div>\n\t\t\t\t<div class=\"elementor-element elementor-element-94cc0bb elementor-widget__width-initial elementor-widget elementor-widget-text-editor\" data-id=\"94cc0bb\" data-element_type=\"widget\" data-widget_type=\"text-editor.default\">\n\t\t\t\t<div class=\"elementor-widget-container\">\n\t\t\t\t\t\t\t\t\t<p>Diese AT Befehle sind Kommandos zur Parametrierung und Konfiguration unserer GSM Modems. Urspr\u00fcnglich wurde der AT Befehlssatz von der US- amerikanischen Firma Hayes Communikation entwickelt und erstmalig Anfang der 80er ver\u00f6ffentlicht. Heute sind AT-Kommandos der Industrie- standard f\u00fcr Modems. Die Bezeichnung &#8222;AT&#8220; Kommando r\u00fchrt daher, dass jedem AT-Befehl hierbei das Zeichen &#8222;AT&#8220; vorangestellt wird, welches f\u00fcr die beiden ersten Buchstaben des englischen Wortes &#8222;attention&#8220; (zu deutsch &#8222;Achtung&#8220;) steht.<\/p><p>Die AT Befehlssatz Referenzen f\u00fcr unsere GSM Modems beinhalten zum einen die von dem Europ\u00e4ischen Institut f\u00fcr Telekommunikationsnormen (ETSI) ver\u00f6ffentlichten Standard-Befehlss\u00e4tze TS GSM 07.05 und 07.07, sowie propriet\u00e4re AT Befehle der Hersteller Motorola und Telit.<\/p>\t\t\t\t\t\t\t\t<\/div>\n\t\t\t\t<\/div>\n\t\t\t\t<div class=\"elementor-element elementor-element-91b3b6f elementor-widget__width-initial elementor-widget elementor-widget-shortcode\" data-id=\"91b3b6f\" data-element_type=\"widget\" data-widget_type=\"shortcode.default\">\n\t\t\t\t<div class=\"elementor-widget-container\">\n\t\t\t\t\t\t\t<div class=\"elementor-shortcode\"><div class='w3eden'>\n    <div class=''>\n\n        \n        <div id=\"content_wpdm_package_1\">\n            <div class='row'><div class='col-lg-6 col-md-1 col-1'><!-- WPDM Link Template: Widget Template -->\n\n<div class=\"media well link-template-widget\">\n    <a class=\"mr-3 img-48\" href=\"https:\/\/michaelkobs.de\/en\/download\/gprs-dualband-und-quadband-modem\/\">\n        <img decoding=\"async\" class=\"wpdm_icon\" alt=\"Icon\" src=\"https:\/\/michaelkobs.de\/wp-content\/plugins\/download-manager\/assets\/file-type-icons\/pdf.svg\" \/>\n    <\/a>\n    <div class=\"media-body\">\n        <a href=\"https:\/\/michaelkobs.de\/en\/download\/gprs-dualband-und-quadband-modem\/\" style=\"display: block;clear: bottom;font-size: 11pt;font-weight: bold;\">GPRS Dualband und Quadband Modem<\/a>\n        <div style=\"font-size: 9pt;\">\n            <i class=\"fas fa-hdd color-green\"><\/i> 4.07 MB <i class=\"fa fa-copy ml-3\"><\/i>\n            1 file(s)\n        <\/div>\n    <\/div>\n<\/div>\n\n<\/div><div class='col-lg-6 col-md-1 col-1'><!-- WPDM Link Template: Widget Template -->\n\n<div class=\"media well link-template-widget\">\n    <a class=\"mr-3 img-48\" href=\"https:\/\/michaelkobs.de\/en\/download\/gprs-dualband-und-quadband-modems\/\">\n        <img decoding=\"async\" class=\"wpdm_icon\" alt=\"Icon\" src=\"https:\/\/michaelkobs.de\/wp-content\/plugins\/download-manager\/assets\/file-type-icons\/pdf.svg\" \/>\n    <\/a>\n    <div class=\"media-body\">\n        <a href=\"https:\/\/michaelkobs.de\/en\/download\/gprs-dualband-und-quadband-modems\/\" style=\"display: block;clear: bottom;font-size: 11pt;font-weight: bold;\">GPRS Dualband und Quadband Modems<\/a>\n        <div style=\"font-size: 9pt;\">\n            <i class=\"fas fa-hdd color-green\"><\/i> 4.92 MB <i class=\"fa fa-copy ml-3\"><\/i>\n            1 file(s)\n        <\/div>\n    <\/div>\n<\/div>\n\n<\/div><div class='col-lg-6 col-md-1 col-1'><!-- WPDM Link Template: Widget Template -->\n\n<div class=\"media well link-template-widget\">\n    <a class=\"mr-3 img-48\" href=\"https:\/\/michaelkobs.de\/en\/download\/at-befehle\/\">\n        <img decoding=\"async\" class=\"wpdm_icon\" alt=\"Icon\" src=\"https:\/\/michaelkobs.de\/wp-content\/plugins\/download-manager\/assets\/file-type-icons\/pdf.svg\" \/>\n    <\/a>\n    <div class=\"media-body\">\n        <a href=\"https:\/\/michaelkobs.de\/en\/download\/at-befehle\/\" style=\"display: block;clear: bottom;font-size: 11pt;font-weight: bold;\">LTE modem<\/a>\n        <div style=\"font-size: 9pt;\">\n            <i class=\"fas fa-hdd color-green\"><\/i> 4.67 MB <i class=\"fa fa-copy ml-3\"><\/i>\n            1 file(s)\n        <\/div>\n    <\/div>\n<\/div>\n\n<\/div><div class='col-lg-6 col-md-1 col-1'><!-- WPDM Link Template: Widget Template -->\n\n<div class=\"media well link-template-widget\">\n    <a class=\"mr-3 img-48\" href=\"https:\/\/michaelkobs.de\/en\/download\/lte-modem\/\">\n        <img decoding=\"async\" class=\"wpdm_icon\" alt=\"Icon\" src=\"https:\/\/michaelkobs.de\/wp-content\/plugins\/download-manager\/assets\/file-type-icons\/pdf.svg\" \/>\n    <\/a>\n    <div class=\"media-body\">\n        <a href=\"https:\/\/michaelkobs.de\/en\/download\/lte-modem\/\" style=\"display: block;clear: bottom;font-size: 11pt;font-weight: bold;\">LTE modem<\/a>\n        <div style=\"font-size: 9pt;\">\n            <i class=\"fas fa-hdd color-green\"><\/i> 4.67 MB <i class=\"fa fa-copy ml-3\"><\/i>\n            1 file(s)\n        <\/div>\n    <\/div>\n<\/div>\n\n<\/div><div class='col-lg-6 col-md-1 col-1'><!-- WPDM Link Template: Widget Template -->\n\n<div class=\"media well link-template-widget\">\n    <a class=\"mr-3 img-48\" href=\"https:\/\/michaelkobs.de\/en\/download\/lte-modem-2\/\">\n        <img decoding=\"async\" class=\"wpdm_icon\" alt=\"Icon\" src=\"https:\/\/michaelkobs.de\/wp-content\/plugins\/download-manager\/assets\/file-type-icons\/pdf.svg\" \/>\n    <\/a>\n    <div class=\"media-body\">\n        <a href=\"https:\/\/michaelkobs.de\/en\/download\/lte-modem-2\/\" style=\"display: block;clear: bottom;font-size: 11pt;font-weight: bold;\">LTE modem<\/a>\n        <div style=\"font-size: 9pt;\">\n            <i class=\"fas fa-hdd color-green\"><\/i> 4.67 MB <i class=\"fa fa-copy ml-3\"><\/i>\n            1 file(s)\n        <\/div>\n    <\/div>\n<\/div>\n\n<\/div><div class='col-lg-6 col-md-1 col-1'><!-- WPDM Link Template: Widget Template -->\n\n<div class=\"media well link-template-widget\">\n    <a class=\"mr-3 img-48\" href=\"https:\/\/michaelkobs.de\/en\/download\/lte-modem-3\/\">\n        <img decoding=\"async\" class=\"wpdm_icon\" alt=\"Icon\" src=\"https:\/\/michaelkobs.de\/wp-content\/plugins\/download-manager\/assets\/file-type-icons\/pdf.svg\" \/>\n    <\/a>\n    <div class=\"media-body\">\n        <a href=\"https:\/\/michaelkobs.de\/en\/download\/lte-modem-3\/\" style=\"display: block;clear: bottom;font-size: 11pt;font-weight: bold;\">LTE modem<\/a>\n        <div style=\"font-size: 9pt;\">\n            <i class=\"fas fa-hdd color-green\"><\/i> 4.67 MB <i class=\"fa fa-copy ml-3\"><\/i>\n            1 file(s)\n        <\/div>\n    <\/div>\n<\/div>\n\n<\/div><div class='col-lg-6 col-md-1 col-1'><!-- WPDM Link Template: Widget Template -->\n\n<div class=\"media well link-template-widget\">\n    <a class=\"mr-3 img-48\" href=\"https:\/\/michaelkobs.de\/en\/download\/umts-quadband-modem\/\">\n        <img decoding=\"async\" class=\"wpdm_icon\" alt=\"Icon\" src=\"https:\/\/michaelkobs.de\/wp-content\/plugins\/download-manager\/assets\/file-type-icons\/pdf.svg\" \/>\n    <\/a>\n    <div class=\"media-body\">\n        <a href=\"https:\/\/michaelkobs.de\/en\/download\/umts-quadband-modem\/\" style=\"display: block;clear: bottom;font-size: 11pt;font-weight: bold;\">UMTS Quadband Modem<\/a>\n        <div style=\"font-size: 9pt;\">\n            <i class=\"fas fa-hdd color-green\"><\/i> 8.36 MB <i class=\"fa fa-copy ml-3\"><\/i>\n            1 file(s)\n        <\/div>\n    <\/div>\n<\/div>\n\n<\/div><div class='col-lg-6 col-md-1 col-1'><!-- WPDM Link Template: Widget Template -->\n\n<div class=\"media well link-template-widget\">\n    <a class=\"mr-3 img-48\" href=\"https:\/\/michaelkobs.de\/en\/download\/umts-quadband-modem-2\/\">\n        <img decoding=\"async\" class=\"wpdm_icon\" alt=\"Icon\" src=\"https:\/\/michaelkobs.de\/wp-content\/plugins\/download-manager\/assets\/file-type-icons\/pdf.svg\" \/>\n    <\/a>\n    <div class=\"media-body\">\n        <a href=\"https:\/\/michaelkobs.de\/en\/download\/umts-quadband-modem-2\/\" style=\"display: block;clear: bottom;font-size: 11pt;font-weight: bold;\">UMTS Quadband Modem<\/a>\n        <div style=\"font-size: 9pt;\">\n            <i class=\"fas fa-hdd color-green\"><\/i> 8.66 MB <i class=\"fa fa-copy ml-3\"><\/i>\n            1 file(s)\n        <\/div>\n    <\/div>\n<\/div>\n\n<\/div><\/div>            <div style='clear:both'><\/div><div class='text-center'><ul class='pagination wpdm-pagination pagination-centered text-center'><\/ul><\/div><div style='clear:both'><\/div>        <\/div>\n\n        <div style='clear:both'><\/div>\n    <\/div>\n<\/div>\n<\/div>\n\t\t\t\t\t\t<\/div>\n\t\t\t\t<\/div>\n\t\t\t\t<\/div>\n\t\t\t\t<\/div>\n\t\t\t\t<\/div>","protected":false},"excerpt":{"rendered":"<p>AT-Befehle Diese AT Befehle sind Kommandos zur Parametrierung und Konfiguration unserer GSM Modems. Urspr\u00fcnglich wurde der AT Befehlssatz von der US- amerikanischen Firma Hayes Communikation entwickelt und erstmalig Anfang der 80er ver\u00f6ffentlicht. Heute sind AT-Kommandos der Industrie- standard f\u00fcr Modems. Die Bezeichnung &#8222;AT&#8220; Kommando r\u00fchrt daher, dass jedem AT-Befehl hierbei das Zeichen &#8222;AT&#8220; vorangestellt wird, [&hellip;]<\/p>","protected":false},"author":6,"featured_media":0,"parent":0,"menu_order":0,"comment_status":"closed","ping_status":"closed","template":"","meta":{"_acf_changed":false,"footnotes":""},"company":[5],"characteristic":[139],"class_list":["post-7584","page","type-page","status-publish","hentry","company-coniugo","characteristic-downloads"],"acf":[],"_links":{"self":[{"href":"https:\/\/michaelkobs.de\/en\/wp-json\/wp\/v2\/pages\/7584","targetHints":{"allow":["GET"]}}],"collection":[{"href":"https:\/\/michaelkobs.de\/en\/wp-json\/wp\/v2\/pages"}],"about":[{"href":"https:\/\/michaelkobs.de\/en\/wp-json\/wp\/v2\/types\/page"}],"author":[{"embeddable":true,"href":"https:\/\/michaelkobs.de\/en\/wp-json\/wp\/v2\/users\/6"}],"replies":[{"embeddable":true,"href":"https:\/\/michaelkobs.de\/en\/wp-json\/wp\/v2\/comments?post=7584"}],"version-history":[{"count":0,"href":"https:\/\/michaelkobs.de\/en\/wp-json\/wp\/v2\/pages\/7584\/revisions"}],"wp:attachment":[{"href":"https:\/\/michaelkobs.de\/en\/wp-json\/wp\/v2\/media?parent=7584"}],"wp:term":[{"taxonomy":"company","embeddable":true,"href":"https:\/\/michaelkobs.de\/en\/wp-json\/wp\/v2\/company?post=7584"},{"taxonomy":"characteristic","embeddable":true,"href":"https:\/\/michaelkobs.de\/en\/wp-json\/wp\/v2\/characteristic?post=7584"}],"curies":[{"name":"wp","href":"https:\/\/api.w.org\/{rel}","templated":true}]}}