{"id":1818,"date":"2025-03-31T16:51:24","date_gmt":"2025-03-31T14:51:24","guid":{"rendered":"https:\/\/michaelkobs.de\/?page_id=1818"},"modified":"2025-08-05T11:48:31","modified_gmt":"2025-08-05T09:48:31","slug":"bestech","status":"publish","type":"page","link":"https:\/\/michaelkobs.de\/en\/bestech\/","title":{"rendered":"Bestech"},"content":{"rendered":"<div data-elementor-type=\"wp-page\" data-elementor-id=\"1818\" class=\"elementor elementor-1818\" data-elementor-post-type=\"page\">\n\t\t\t\t<div class=\"elementor-element elementor-element-4dd62f64 e-con-full bodyContainer e-flex e-con e-parent\" data-id=\"4dd62f64\" data-element_type=\"container\">\n\t\t<div class=\"elementor-element elementor-element-37c6c4ce e-con-full e-flex e-con e-child\" data-id=\"37c6c4ce\" data-element_type=\"container\" data-settings=\"{&quot;background_background&quot;:&quot;classic&quot;}\">\n\t\t<div class=\"elementor-element elementor-element-61de6b53 e-con-full herorahmenEckeOL e-flex e-con e-child\" data-id=\"61de6b53\" data-element_type=\"container\">\n\t\t\t\t<\/div>\n\t\t<div class=\"elementor-element elementor-element-66ba845a e-con-full e-flex e-con e-child\" data-id=\"66ba845a\" data-element_type=\"container\" data-settings=\"{&quot;background_background&quot;:&quot;slideshow&quot;,&quot;background_slideshow_gallery&quot;:[],&quot;background_slideshow_slide_duration&quot;:5000,&quot;background_slideshow_slide_transition&quot;:&quot;fade&quot;,&quot;background_slideshow_transition_duration&quot;:500}\">\n\t\t<div class=\"elementor-element elementor-element-43530c5c e-con-full heroBildContainer e-flex e-con e-child\" data-id=\"43530c5c\" data-element_type=\"container\" data-settings=\"{&quot;background_background&quot;:&quot;slideshow&quot;,&quot;background_slideshow_gallery&quot;:[{&quot;id&quot;:379,&quot;url&quot;:&quot;https:\\\/\\\/michaelkobs.de\\\/wp-content\\\/uploads\\\/Digitale-Messwerterfassung.jpg&quot;}],&quot;background_slideshow_loop&quot;:&quot;yes&quot;,&quot;background_slideshow_slide_duration&quot;:5000,&quot;background_slideshow_slide_transition&quot;:&quot;fade&quot;,&quot;background_slideshow_transition_duration&quot;:500}\">\n\t\t\t\t<\/div>\n\t\t\t\t<\/div>\n\t\t<div class=\"elementor-element elementor-element-29fb309 e-con-full e-flex e-con e-child\" data-id=\"29fb309\" data-element_type=\"container\">\n\t\t\t\t<div class=\"elementor-element elementor-element-1e4c7cb elementor-widget elementor-widget-heading\" data-id=\"1e4c7cb\" data-element_type=\"widget\" data-widget_type=\"heading.default\">\n\t\t\t\t<div class=\"elementor-widget-container\">\n\t\t\t\t\t<h1 class=\"elementor-heading-title elementor-size-default\">Herzlich Willkommen bei bes.tech<\/h1>\t\t\t\t<\/div>\n\t\t\t\t<\/div>\n\t\t\t\t<div class=\"elementor-element elementor-element-7e795ad elementor-widget elementor-widget-heading\" data-id=\"7e795ad\" data-element_type=\"widget\" data-widget_type=\"heading.default\">\n\t\t\t\t<div class=\"elementor-widget-container\">\n\t\t\t\t\t<h1 class=\"elementor-heading-title elementor-size-default\">eine Marke der coniugo.bes.tech GmbH<\/h1>\t\t\t\t<\/div>\n\t\t\t\t<\/div>\n\t\t\t\t<div class=\"elementor-element elementor-element-17a8cc45 elementor-widget elementor-widget-text-editor\" data-id=\"17a8cc45\" data-element_type=\"widget\" data-widget_type=\"text-editor.default\">\n\t\t\t\t<div class=\"elementor-widget-container\">\n\t\t\t\t\t\t\t\t\t<p>Wir unterst\u00fctzen kleine und mittlere Unternehmen bei Ihrer kompletten IT Infrastruktur.<\/p><p>Vom Einzelplatz bis zum Server, von der Telefonie bis zum mobilen Arbeiten.<\/p><p>Bei uns erhalten Sie alle Serviceleistungen aus einer Hand.<\/p><p>Service wie ein IT-Systemhaus &#8211; flexibel wie ein eigener Mitarbeiter.<\/p>\t\t\t\t\t\t\t\t<\/div>\n\t\t\t\t<\/div>\n\t\t\t\t<\/div>\n\t\t\t\t<\/div>\n\t\t<div class=\"elementor-element elementor-element-85d764b e-con-full e-flex e-con e-child\" data-id=\"85d764b\" data-element_type=\"container\">\n\t\t\t\t<\/div>\n\t\t\t\t<div class=\"elementor-element elementor-element-e9438ea elementor-widget elementor-widget-heading\" data-id=\"e9438ea\" data-element_type=\"widget\" data-widget_type=\"heading.default\">\n\t\t\t\t<div class=\"elementor-widget-container\">\n\t\t\t\t\t<h1 class=\"elementor-heading-title elementor-size-default\">Our service<\/h1>\t\t\t\t<\/div>\n\t\t\t\t<\/div>\n\t\t\t\t<div class=\"elementor-element elementor-element-90c2ef8 elementor-widget elementor-widget-heading\" data-id=\"90c2ef8\" data-element_type=\"widget\" data-widget_type=\"heading.default\">\n\t\t\t\t<div class=\"elementor-widget-container\">\n\t\t\t\t\t<h2 class=\"elementor-heading-title elementor-size-default\">A brief overview of our services<\/h2>\t\t\t\t<\/div>\n\t\t\t\t<\/div>\n\t\t<div class=\"elementor-element elementor-element-54d9c795 e-con-full e-flex e-con e-child\" data-id=\"54d9c795\" data-element_type=\"container\" data-settings=\"{&quot;background_background&quot;:&quot;classic&quot;}\">\n\t\t<div class=\"elementor-element elementor-element-33d47742 e-con-full e-flex e-con e-child\" data-id=\"33d47742\" data-element_type=\"container\">\n\t\t<div class=\"elementor-element elementor-element-652f715c e-con-full e-flex e-con e-child\" data-id=\"652f715c\" data-element_type=\"container\" data-settings=\"{&quot;background_background&quot;:&quot;classic&quot;}\">\n\t\t<div class=\"elementor-element elementor-element-58505507 e-con-full cardEckeOL e-flex e-con e-child\" data-id=\"58505507\" data-element_type=\"container\">\n\t\t\t\t<\/div>\n\t\t<div class=\"elementor-element elementor-element-75a1ae4d e-con-full ImageContainer e-flex e-con e-child\" data-id=\"75a1ae4d\" data-element_type=\"container\" data-settings=\"{&quot;background_background&quot;:&quot;slideshow&quot;,&quot;background_slideshow_gallery&quot;:[{&quot;id&quot;:392,&quot;url&quot;:&quot;https:\\\/\\\/michaelkobs.de\\\/wp-content\\\/uploads\\\/snap2927.png&quot;}],&quot;background_slideshow_loop&quot;:&quot;yes&quot;,&quot;background_slideshow_slide_duration&quot;:5000,&quot;background_slideshow_slide_transition&quot;:&quot;fade&quot;,&quot;background_slideshow_transition_duration&quot;:500}\">\n\t\t\t\t<\/div>\n\t\t\t\t<div class=\"elementor-element elementor-element-30d57611 elementor-widget elementor-widget-heading\" data-id=\"30d57611\" data-element_type=\"widget\" data-widget_type=\"heading.default\">\n\t\t\t\t<div class=\"elementor-widget-container\">\n\t\t\t\t\t<h3 class=\"elementor-heading-title elementor-size-default\">IT- Netzwerk und- Infrastruktur<\/h3>\t\t\t\t<\/div>\n\t\t\t\t<\/div>\n\t\t\t\t<div class=\"elementor-element elementor-element-64b10ae7 elementor-widget elementor-widget-text-editor\" data-id=\"64b10ae7\" data-element_type=\"widget\" data-widget_type=\"text-editor.default\">\n\t\t\t\t<div class=\"elementor-widget-container\">\n\t\t\t\t\t\t\t\t\t<p>Wir bieten Ihnen die direkte Entwicklung und Umsetzung f\u00fcr Ihren Einsatz in optimierter IT Umgebungen.<\/p><p>Bei Planung und Betreuung von Umgebungen f\u00fcr die Einzelpersonen, bis hin zu Unternehmen mit mehreren Tausend Angestellten, kann unser Team auf mehr als 20 Jahren Erfahrung zur\u00fcckgreifen.<\/p>\t\t\t\t\t\t\t\t<\/div>\n\t\t\t\t<\/div>\n\t\t\t\t<div class=\"elementor-element elementor-element-14cd0351 elementor-widget elementor-widget-text-editor\" data-id=\"14cd0351\" data-element_type=\"widget\" data-widget_type=\"text-editor.default\">\n\t\t\t\t<div class=\"elementor-widget-container\">\n\t\t\t\t\t\t\t\t\t<ul><li>Optimieren der IT-Sicherheit<\/li><li>Reibungslose Backupsysteme<\/li><li>Schnelle und widerstandsf\u00e4hige W-LAN<\/li><li>Zenrale Datenspeicher<\/li><li>Cloudsysteme<\/li><li>Standortvernetzung (VPN)<\/li><li>Mobiles Arbeiten<\/li><\/ul>\t\t\t\t\t\t\t\t<\/div>\n\t\t\t\t<\/div>\n\t\t\t\t<\/div>\n\t\t<div class=\"elementor-element elementor-element-4f64f050 e-con-full e-flex e-con e-child\" data-id=\"4f64f050\" data-element_type=\"container\" data-settings=\"{&quot;background_background&quot;:&quot;classic&quot;}\">\n\t\t<div class=\"elementor-element elementor-element-27f2f8c6 e-con-full ImageContainer e-flex e-con e-child\" data-id=\"27f2f8c6\" data-element_type=\"container\" data-settings=\"{&quot;background_background&quot;:&quot;slideshow&quot;,&quot;background_slideshow_gallery&quot;:[{&quot;id&quot;:382,&quot;url&quot;:&quot;https:\\\/\\\/michaelkobs.de\\\/wp-content\\\/uploads\\\/Intelligente-Haeuser3.jpg&quot;}],&quot;background_slideshow_loop&quot;:&quot;yes&quot;,&quot;background_slideshow_slide_duration&quot;:5000,&quot;background_slideshow_slide_transition&quot;:&quot;fade&quot;,&quot;background_slideshow_transition_duration&quot;:500}\">\n\t\t\t\t<\/div>\n\t\t\t\t<div class=\"elementor-element elementor-element-4ef04f36 elementor-widget elementor-widget-heading\" data-id=\"4ef04f36\" data-element_type=\"widget\" data-widget_type=\"heading.default\">\n\t\t\t\t<div class=\"elementor-widget-container\">\n\t\t\t\t\t<h3 class=\"elementor-heading-title elementor-size-default\">Servicehotline und Domain- Maildienste<\/h3>\t\t\t\t<\/div>\n\t\t\t\t<\/div>\n\t\t\t\t<div class=\"elementor-element elementor-element-2019b331 elementor-widget elementor-widget-text-editor\" data-id=\"2019b331\" data-element_type=\"widget\" data-widget_type=\"text-editor.default\">\n\t\t\t\t<div class=\"elementor-widget-container\">\n\t\t\t\t\t\t\t\t\t<p>Mit unseren Partnern stellen wir Ihnen eine Onlinestruktur zur Verf\u00fcgung.<\/p><p>Maildienste mit zentralen Adressb\u00fcchern.<\/p><p>Sichere Mailverbindungen, Archivierung und Verwaltungsfunktionen, sowie Cloud-Diensten.<\/p><p>Mit unserem Kundenservice haben Sie die M\u00f6glichkeit direkt Untersuchung eines Technikers zu erhalten.<\/p><p><strong>Ein Anruf &#8211; Eine L\u00f6sung &#8211; schnell und direkt<\/strong><\/p><p>Wir bieten f\u00fcr Unternehmen g\u00fcnstige Vertr\u00e4ge zu einem monatlichen Festpreis an.<\/p>\t\t\t\t\t\t\t\t<\/div>\n\t\t\t\t<\/div>\n\t\t<div class=\"elementor-element elementor-element-7a41ffac e-con-full cardEckeOL e-flex e-con e-child\" data-id=\"7a41ffac\" data-element_type=\"container\">\n\t\t\t\t<\/div>\n\t\t\t\t<\/div>\n\t\t<div class=\"elementor-element elementor-element-6ff1fef4 e-con-full e-flex e-con e-child\" data-id=\"6ff1fef4\" data-element_type=\"container\" data-settings=\"{&quot;background_background&quot;:&quot;classic&quot;}\">\n\t\t<div class=\"elementor-element elementor-element-6ccd9dc4 e-con-full ImageContainer e-flex e-con e-child\" data-id=\"6ccd9dc4\" data-element_type=\"container\" data-settings=\"{&quot;background_background&quot;:&quot;slideshow&quot;,&quot;background_slideshow_gallery&quot;:[{&quot;id&quot;:380,&quot;url&quot;:&quot;https:\\\/\\\/michaelkobs.de\\\/wp-content\\\/uploads\\\/Intelligente-Haeuser.jpg&quot;}],&quot;background_slideshow_loop&quot;:&quot;yes&quot;,&quot;background_slideshow_slide_duration&quot;:5000,&quot;background_slideshow_slide_transition&quot;:&quot;fade&quot;,&quot;background_slideshow_transition_duration&quot;:500}\">\n\t\t\t\t<\/div>\n\t\t\t\t<div class=\"elementor-element elementor-element-1de5b982 elementor-widget elementor-widget-heading\" data-id=\"1de5b982\" data-element_type=\"widget\" data-widget_type=\"heading.default\">\n\t\t\t\t<div class=\"elementor-widget-container\">\n\t\t\t\t\t<h3 class=\"elementor-heading-title elementor-size-default\">Sicherung \u00dcberwachung Ihrer Infrastruktur <\/h3>\t\t\t\t<\/div>\n\t\t\t\t<\/div>\n\t\t\t\t<div class=\"elementor-element elementor-element-e8fdb84 elementor-widget elementor-widget-text-editor\" data-id=\"e8fdb84\" data-element_type=\"widget\" data-widget_type=\"text-editor.default\">\n\t\t\t\t<div class=\"elementor-widget-container\">\n\t\t\t\t\t\t\t\t\t<p>Schutzma\u00dfnahmen, wie zentral verwaltete Sicherheitssoftware f\u00fcr Antivirus und Firewall, sowie aktives Update Management f\u00fcr Ihre Endger\u00e4te.<\/p><p>Monitoring Ihrer Server mit Proaktiver Benachrichtigung.<\/p><p>Alle Leistungen werden individuell f\u00fcr Sie angepasst und Sie zahlen nur, so viel sie auch wirklich Nutzen (monatlich \u00e4nderbar).<\/p><p>Gern erstellen wir Ihnen ein individuelles Angebot.<\/p>\t\t\t\t\t\t\t\t<\/div>\n\t\t\t\t<\/div>\n\t\t<div class=\"elementor-element elementor-element-64342ac0 e-con-full cardEckeOL e-flex e-con e-child\" data-id=\"64342ac0\" data-element_type=\"container\">\n\t\t\t\t<\/div>\n\t\t\t\t<\/div>\n\t\t\t\t<\/div>\n\t\t\t\t<\/div>\n\t\t<div class=\"elementor-element elementor-element-4a641b2 e-con-full e-flex e-con e-child\" data-id=\"4a641b2\" data-element_type=\"container\" data-settings=\"{&quot;background_background&quot;:&quot;classic&quot;}\">\n\t\t\t\t<div class=\"elementor-element elementor-element-fce823b elementor-widget elementor-widget-text-editor\" data-id=\"fce823b\" data-element_type=\"widget\" data-widget_type=\"text-editor.default\">\n\t\t\t\t<div class=\"elementor-widget-container\">\n\t\t\t\t\t\t\t\t\t<p>Lassen Sie sich ein Angebot erstellen<\/p><p>und genie\u00dfen Sie die Gewissheit,<\/p><p>dass Ihre IT in guten H\u00e4nden ist.<\/p>\t\t\t\t\t\t\t\t<\/div>\n\t\t\t\t<\/div>\n\t\t\t\t<\/div>\n\t\t\t\t<div class=\"elementor-element elementor-element-c1e2426 elementor-widget elementor-widget-menu-anchor\" data-id=\"c1e2426\" data-element_type=\"widget\" data-widget_type=\"menu-anchor.default\">\n\t\t\t\t<div class=\"elementor-widget-container\">\n\t\t\t\t\t\t\t<div class=\"elementor-menu-anchor\" id=\"bestechkontakt\"><\/div>\n\t\t\t\t\t\t<\/div>\n\t\t\t\t<\/div>\n\t\t<div class=\"elementor-element elementor-element-64292c3 e-con-full e-flex e-con e-child\" data-id=\"64292c3\" data-element_type=\"container\">\n\t\t\t\t<\/div>\n\t\t\t\t<div class=\"elementor-element elementor-element-26e5c2d9 elementor-widget elementor-widget-heading\" data-id=\"26e5c2d9\" data-element_type=\"widget\" data-widget_type=\"heading.default\">\n\t\t\t\t<div class=\"elementor-widget-container\">\n\t\t\t\t\t<h1 class=\"elementor-heading-title elementor-size-default\">Contact<\/h1>\t\t\t\t<\/div>\n\t\t\t\t<\/div>\n\t\t<div class=\"elementor-element elementor-element-77901ea0 e-con-full e-flex e-con e-child\" data-id=\"77901ea0\" data-element_type=\"container\" data-settings=\"{&quot;background_background&quot;:&quot;classic&quot;}\">\n\t\t<div class=\"elementor-element elementor-element-5f78db19 e-con-full e-flex e-con e-child\" data-id=\"5f78db19\" data-element_type=\"container\" data-settings=\"{&quot;background_background&quot;:&quot;classic&quot;}\">\n\t\t<div class=\"elementor-element elementor-element-f385f4 e-con-full rahmenEckeOL e-flex e-con e-child\" data-id=\"f385f4\" data-element_type=\"container\">\n\t\t\t\t<\/div>\n\t\t<div class=\"elementor-element elementor-element-2177d349 e-con-full e-flex e-con e-child\" data-id=\"2177d349\" data-element_type=\"container\" data-settings=\"{&quot;background_background&quot;:&quot;slideshow&quot;,&quot;background_slideshow_gallery&quot;:[],&quot;background_slideshow_slide_duration&quot;:5000,&quot;background_slideshow_slide_transition&quot;:&quot;fade&quot;,&quot;background_slideshow_transition_duration&quot;:500}\">\n\t\t\t\t<div class=\"elementor-element elementor-element-6d6f9a60 elementor-widget elementor-widget-html\" data-id=\"6d6f9a60\" data-element_type=\"widget\" data-widget_type=\"html.default\">\n\t\t\t\t<div class=\"elementor-widget-container\">\n\t\t\t\t\t<iframe src=\"https:\/\/www.google.com\/maps\/embed?pb=!1m14!1m8!1m3!1d2426.4268505676414!2d13.4348084!3d52.5438034!3m2!1i1024!2i768!4f13.1!3m3!1m2!1s0x47a84de3764ee0d3%3A0x44f9472032dc8e3f!2sNaugarder%20Str.%2039%2C%2010409%20Berlin!5e0!3m2!1sde!2sde!4v1754383999383!5m2!1sde!2sde\" width=\"600\" height=\"450\" style=\"border:0;\" allowfullscreen=\"\" loading=\"lazy\" referrerpolicy=\"no-referrer-when-downgrade\"><\/iframe>\t\t\t\t<\/div>\n\t\t\t\t<\/div>\n\t\t\t\t<\/div>\n\t\t<div class=\"elementor-element elementor-element-af729bf e-con-full e-flex e-con e-child\" data-id=\"af729bf\" data-element_type=\"container\">\n\t\t\t\t<div class=\"elementor-element elementor-element-36e194ec elementor-widget elementor-widget-heading\" data-id=\"36e194ec\" data-element_type=\"widget\" data-widget_type=\"heading.default\">\n\t\t\t\t<div class=\"elementor-widget-container\">\n\t\t\t\t\t<h2 class=\"elementor-heading-title elementor-size-default\">coniuGo.bes.tech GmbH<\/h2>\t\t\t\t<\/div>\n\t\t\t\t<\/div>\n\t\t\t\t<div class=\"elementor-element elementor-element-356ac661 grownull elementor-icon-list--layout-traditional elementor-list-item-link-full_width elementor-widget elementor-widget-icon-list\" data-id=\"356ac661\" data-element_type=\"widget\" data-widget_type=\"icon-list.default\">\n\t\t\t\t<div class=\"elementor-widget-container\">\n\t\t\t\t\t\t\t<ul class=\"elementor-icon-list-items\">\n\t\t\t\t\t\t\t<li class=\"elementor-icon-list-item\">\n\t\t\t\t\t\t\t\t\t\t\t<span class=\"elementor-icon-list-icon\">\n\t\t\t\t\t\t\t<svg xmlns=\"http:\/\/www.w3.org\/2000\/svg\" height=\"24px\" viewbox=\"0 -960 960 960\" width=\"24px\"><path d=\"M360-440h80v-110h80v110h80v-190l-120-80-120 80v190Zm120 254q122-112 181-203.5T720-552q0-109-69.5-178.5T480-800q-101 0-170.5 69.5T240-552q0 71 59 162.5T480-186Zm0 106Q319-217 239.5-334.5T160-552q0-150 96.5-239T480-880q127 0 223.5 89T800-552q0 100-79.5 217.5T480-80Zm0-480Z\"><\/path><\/svg>\t\t\t\t\t\t<\/span>\n\t\t\t\t\t\t\t\t\t\t<span class=\"elementor-icon-list-text\">Naugarder Stra\u00dfe 39<\/span>\n\t\t\t\t\t\t\t\t\t<\/li>\n\t\t\t\t\t\t\t\t<li class=\"elementor-icon-list-item\">\n\t\t\t\t\t\t\t\t\t\t\t<span class=\"elementor-icon-list-icon\">\n\t\t\t\t\t\t\t<svg xmlns=\"http:\/\/www.w3.org\/2000\/svg\" height=\"24px\" viewbox=\"0 -960 960 960\" width=\"24px\"><path d=\"\"><\/path><\/svg>\t\t\t\t\t\t<\/span>\n\t\t\t\t\t\t\t\t\t\t<span class=\"elementor-icon-list-text\">10409 Berlin<\/span>\n\t\t\t\t\t\t\t\t\t<\/li>\n\t\t\t\t\t\t\t\t<li class=\"elementor-icon-list-item\">\n\t\t\t\t\t\t\t\t\t\t\t<span class=\"elementor-icon-list-icon\">\n\t\t\t\t\t\t\t<svg xmlns=\"http:\/\/www.w3.org\/2000\/svg\" height=\"24px\" viewbox=\"0 -960 960 960\" width=\"24px\"><path d=\"\"><\/path><\/svg>\t\t\t\t\t\t<\/span>\n\t\t\t\t\t\t\t\t\t\t<span class=\"elementor-icon-list-text\"><\/span>\n\t\t\t\t\t\t\t\t\t<\/li>\n\t\t\t\t\t\t\t\t<li class=\"elementor-icon-list-item\">\n\t\t\t\t\t\t\t\t\t\t\t<a href=\"tel:%20030920945550\" target=\"_blank\">\n\n\t\t\t\t\t\t\t\t\t\t\t\t<span class=\"elementor-icon-list-icon\">\n\t\t\t\t\t\t\t<svg xmlns=\"http:\/\/www.w3.org\/2000\/svg\" height=\"24px\" viewbox=\"0 -960 960 960\" width=\"24px\" fill=\"#7A7A7A\"><path d=\"M798-120q-125 0-247-54.5T329-329Q229-429 174.5-551T120-798q0-18 12-30t30-12h162q14 0 25 9.5t13 22.5l26 140q2 16-1 27t-11 19l-97 98q20 37 47.5 71.5T387-386q31 31 65 57.5t72 48.5l94-94q9-9 23.5-13.5T670-390l138 28q14 4 23 14.5t9 23.5v162q0 18-12 30t-30 12ZM241-600l66-66-17-94h-89q5 41 14 81t26 79Zm358 358q39 17 79.5 27t81.5 13v-88l-94-19-67 67ZM241-600Zm358 358Z\"><\/path><\/svg>\t\t\t\t\t\t<\/span>\n\t\t\t\t\t\t\t\t\t\t<span class=\"elementor-icon-list-text\">030 920 945 550<\/span>\n\t\t\t\t\t\t\t\t\t\t\t<\/a>\n\t\t\t\t\t\t\t\t\t<\/li>\n\t\t\t\t\t\t\t\t<li class=\"elementor-icon-list-item\">\n\t\t\t\t\t\t\t\t\t\t\t<a href=\"fax:%20030920945559\" target=\"_blank\">\n\n\t\t\t\t\t\t\t\t\t\t\t\t<span class=\"elementor-icon-list-icon\">\n\t\t\t\t\t\t\t<svg aria-hidden=\"true\" class=\"e-font-icon-svg e-fas-fax\" viewbox=\"0 0 512 512\" xmlns=\"http:\/\/www.w3.org\/2000\/svg\"><path d=\"M480 160V77.25a32 32 0 0 0-9.38-22.63L425.37 9.37A32 32 0 0 0 402.75 0H160a32 32 0 0 0-32 32v448a32 32 0 0 0 32 32h320a32 32 0 0 0 32-32V192a32 32 0 0 0-32-32zM288 432a16 16 0 0 1-16 16h-32a16 16 0 0 1-16-16v-32a16 16 0 0 1 16-16h32a16 16 0 0 1 16 16zm0-128a16 16 0 0 1-16 16h-32a16 16 0 0 1-16-16v-32a16 16 0 0 1 16-16h32a16 16 0 0 1 16 16zm128 128a16 16 0 0 1-16 16h-32a16 16 0 0 1-16-16v-32a16 16 0 0 1 16-16h32a16 16 0 0 1 16 16zm0-128a16 16 0 0 1-16 16h-32a16 16 0 0 1-16-16v-32a16 16 0 0 1 16-16h32a16 16 0 0 1 16 16zm0-112H192V64h160v48a16 16 0 0 0 16 16h48zM64 128H32a32 32 0 0 0-32 32v320a32 32 0 0 0 32 32h32a32 32 0 0 0 32-32V160a32 32 0 0 0-32-32z\"><\/path><\/svg>\t\t\t\t\t\t<\/span>\n\t\t\t\t\t\t\t\t\t\t<span class=\"elementor-icon-list-text\">030 920 945 559<\/span>\n\t\t\t\t\t\t\t\t\t\t\t<\/a>\n\t\t\t\t\t\t\t\t\t<\/li>\n\t\t\t\t\t\t\t\t<li class=\"elementor-icon-list-item\">\n\t\t\t\t\t\t\t\t\t\t\t<a href=\"mailto:%20info@bes.tech\" target=\"_blank\">\n\n\t\t\t\t\t\t\t\t\t\t\t\t<span class=\"elementor-icon-list-icon\">\n\t\t\t\t\t\t\t<svg xmlns=\"http:\/\/www.w3.org\/2000\/svg\" height=\"24px\" viewbox=\"0 -960 960 960\" width=\"24px\"><path d=\"M160-160q-33 0-56.5-23.5T80-240v-480q0-33 23.5-56.5T160-800h640q33 0 56.5 23.5T880-720v480q0 33-23.5 56.5T800-160H160Zm320-280L160-640v400h640v-400L480-440Zm0-80 320-200H160l320 200ZM160-640v-80 480-400Z\"><\/path><\/svg>\t\t\t\t\t\t<\/span>\n\t\t\t\t\t\t\t\t\t\t<span class=\"elementor-icon-list-text\"><b>info@bes.tech<\/b><\/span>\n\t\t\t\t\t\t\t\t\t\t\t<\/a>\n\t\t\t\t\t\t\t\t\t<\/li>\n\t\t\t\t\t\t<\/ul>\n\t\t\t\t\t\t<\/div>\n\t\t\t\t<\/div>\n\t\t\t\t<div class=\"elementor-element elementor-element-6ebd1768 elementor-widget elementor-widget-heading\" data-id=\"6ebd1768\" data-element_type=\"widget\" data-widget_type=\"heading.default\">\n\t\t\t\t<div class=\"elementor-widget-container\">\n\t\t\t\t\t<h2 class=\"elementor-heading-title elementor-size-default\">Gesch\u00e4ftszeiten:<\/h2>\t\t\t\t<\/div>\n\t\t\t\t<\/div>\n\t\t\t\t<div class=\"elementor-element elementor-element-750effc7 grownull elementor-icon-list--layout-traditional elementor-list-item-link-full_width elementor-widget elementor-widget-icon-list\" data-id=\"750effc7\" data-element_type=\"widget\" data-widget_type=\"icon-list.default\">\n\t\t\t\t<div class=\"elementor-widget-container\">\n\t\t\t\t\t\t\t<ul class=\"elementor-icon-list-items\">\n\t\t\t\t\t\t\t<li class=\"elementor-icon-list-item\">\n\t\t\t\t\t\t\t\t\t\t\t<span class=\"elementor-icon-list-icon\">\n\t\t\t\t\t\t\t<svg xmlns=\"http:\/\/www.w3.org\/2000\/svg\" height=\"24px\" viewbox=\"0 -960 960 960\" width=\"24px\" fill=\"#13B0D4\"><path d=\"m612-292 56-56-148-148v-184h-80v216l172 172ZM480-80q-83 0-156-31.5T197-197q-54-54-85.5-127T80-480q0-83 31.5-156T197-763q54-54 127-85.5T480-880q83 0 156 31.5T763-763q54 54 85.5 127T880-480q0 83-31.5 156T763-197q-54 54-127 85.5T480-80Zm0-400Zm0 320q133 0 226.5-93.5T800-480q0-133-93.5-226.5T480-800q-133 0-226.5 93.5T160-480q0 133 93.5 226.5T480-160Z\"><\/path><\/svg>\t\t\t\t\t\t<\/span>\n\t\t\t\t\t\t\t\t\t\t<span class=\"elementor-icon-list-text\">Mo - Fr    08:00 - 16:00 Uhr<\/span>\n\t\t\t\t\t\t\t\t\t<\/li>\n\t\t\t\t\t\t\t\t<li class=\"elementor-icon-list-item\">\n\t\t\t\t\t\t\t\t\t\t\t<span class=\"elementor-icon-list-icon\">\n\t\t\t\t\t\t\t<svg xmlns=\"http:\/\/www.w3.org\/2000\/svg\" height=\"24px\" viewbox=\"0 -960 960 960\" width=\"24px\" fill=\"#13B0D4\"><path d=\"m256-200-56-56 224-224-224-224 56-56 224 224 224-224 56 56-224 224 224 224-56 56-224-224-224 224Z\"><\/path><\/svg>\t\t\t\t\t\t<\/span>\n\t\t\t\t\t\t\t\t\t\t<span class=\"elementor-icon-list-text\">Sa, So, Feiertage<\/span>\n\t\t\t\t\t\t\t\t\t<\/li>\n\t\t\t\t\t\t<\/ul>\n\t\t\t\t\t\t<\/div>\n\t\t\t\t<\/div>\n\t\t\t\t<\/div>\n\t\t\t\t<div class=\"elementor-element elementor-element-292c8529 elementor-absolute elementor-widget elementor-widget-text-editor\" data-id=\"292c8529\" data-element_type=\"widget\" data-settings=\"{&quot;_position&quot;:&quot;absolute&quot;}\" data-widget_type=\"text-editor.default\">\n\t\t\t\t<div class=\"elementor-widget-container\">\n\t\t\t\t\t\t\t\t\t<p style=\"text-align: right;\">Stand: August 2025<\/p>\t\t\t\t\t\t\t\t<\/div>\n\t\t\t\t<\/div>\n\t\t\t\t<\/div>\n\t\t\t\t<\/div>\n\t\t\t\t<\/div>\n\t\t\t\t<\/div>","protected":false},"excerpt":{"rendered":"<p>Herzlich Willkommen bei bes.tech eine Marke der coniugo.bes.tech GmbH Wir unterst\u00fctzen kleine und mittlere Unternehmen bei Ihrer kompletten IT Infrastruktur. Vom Einzelplatz bis zum Server, von der Telefonie bis zum mobilen Arbeiten. Bei uns erhalten Sie alle Serviceleistungen aus einer Hand. Service wie ein IT-Systemhaus &#8211; flexibel wie ein eigener Mitarbeiter. Unser Service Eine kurze [&hellip;]<\/p>","protected":false},"author":1,"featured_media":0,"parent":0,"menu_order":0,"comment_status":"closed","ping_status":"closed","template":"","meta":{"_acf_changed":false,"footnotes":""},"company":[4],"characteristic":[],"class_list":["post-1818","page","type-page","status-publish","hentry","company-bestech"],"acf":[],"_links":{"self":[{"href":"https:\/\/michaelkobs.de\/en\/wp-json\/wp\/v2\/pages\/1818","targetHints":{"allow":["GET"]}}],"collection":[{"href":"https:\/\/michaelkobs.de\/en\/wp-json\/wp\/v2\/pages"}],"about":[{"href":"https:\/\/michaelkobs.de\/en\/wp-json\/wp\/v2\/types\/page"}],"author":[{"embeddable":true,"href":"https:\/\/michaelkobs.de\/en\/wp-json\/wp\/v2\/users\/1"}],"replies":[{"embeddable":true,"href":"https:\/\/michaelkobs.de\/en\/wp-json\/wp\/v2\/comments?post=1818"}],"version-history":[{"count":0,"href":"https:\/\/michaelkobs.de\/en\/wp-json\/wp\/v2\/pages\/1818\/revisions"}],"wp:attachment":[{"href":"https:\/\/michaelkobs.de\/en\/wp-json\/wp\/v2\/media?parent=1818"}],"wp:term":[{"taxonomy":"company","embeddable":true,"href":"https:\/\/michaelkobs.de\/en\/wp-json\/wp\/v2\/company?post=1818"},{"taxonomy":"characteristic","embeddable":true,"href":"https:\/\/michaelkobs.de\/en\/wp-json\/wp\/v2\/characteristic?post=1818"}],"curies":[{"name":"wp","href":"https:\/\/api.w.org\/{rel}","templated":true}]}}