{"id":1096,"date":"2025-03-27T22:20:22","date_gmt":"2025-03-27T21:20:22","guid":{"rendered":"https:\/\/michaelkobs.de\/?page_id=1096"},"modified":"2025-08-04T14:48:36","modified_gmt":"2025-08-04T12:48:36","slug":"impressum","status":"publish","type":"page","link":"https:\/\/michaelkobs.de\/en\/impressum\/","title":{"rendered":"Legal notice"},"content":{"rendered":"<div data-elementor-type=\"wp-page\" data-elementor-id=\"1096\" class=\"elementor elementor-1096\" data-elementor-post-type=\"page\">\n\t\t\t\t<div class=\"elementor-element elementor-element-22433b50 e-con-full bodyContainer e-flex e-con e-parent\" data-id=\"22433b50\" data-element_type=\"container\">\n\t\t<div class=\"elementor-element elementor-element-374841ff e-con-full e-flex e-con e-child\" data-id=\"374841ff\" data-element_type=\"container\" data-settings=\"{&quot;background_background&quot;:&quot;classic&quot;}\">\n\t\t\t\t<div class=\"elementor-element elementor-element-d433e86 elementor-widget elementor-widget-heading\" data-id=\"d433e86\" data-element_type=\"widget\" data-widget_type=\"heading.default\">\n\t\t\t\t<div class=\"elementor-widget-container\">\n\t\t\t\t\t<h1 class=\"elementor-heading-title elementor-size-default\">Legal notice<\/h1>\t\t\t\t<\/div>\n\t\t\t\t<\/div>\n\t\t<div class=\"elementor-element elementor-element-5ee088e e-grid e-con-full e-con e-child\" data-id=\"5ee088e\" data-element_type=\"container\">\n\t\t\t\t<div class=\"elementor-element elementor-element-3e9f39b elementor-widget elementor-widget-text-editor\" data-id=\"3e9f39b\" data-element_type=\"widget\" data-widget_type=\"text-editor.default\">\n\t\t\t\t<div class=\"elementor-widget-container\">\n\t\t\t\t\t\t\t\t\t<p>Angaben gem\u00e4\u00df \u00a7 5 TMG:<\/p><p>coniugo.bes.tech GmbH<br \/>Naugarder Stra\u00dfe 39<br \/>10409 Berlin<br \/>Deutschland<\/p><p>Telefon: 030 920 945 550<br \/>E-Mail: info@coniugo.bes.tech<\/p>\t\t\t\t\t\t\t\t<\/div>\n\t\t\t\t<\/div>\n\t\t\t\t<div class=\"elementor-element elementor-element-c08a398 elementor-widget elementor-widget-text-editor\" data-id=\"c08a398\" data-element_type=\"widget\" data-widget_type=\"text-editor.default\">\n\t\t\t\t<div class=\"elementor-widget-container\">\n\t\t\t\t\t\t\t\t\t<p>Managing Director: <br \/>Stephan Sprenger <br \/>Christian Mahlo<\/p><p>\u00a0<\/p><p>HRB 264067 B <br \/>Amtsgericht Charlottenburg <br \/>Sitz: Berlin<\/p><p>\u00a0<\/p><p>USt-ID: DE368383326<br \/>WEEE-Reg. Nr- DE41153300<br \/>Zoll-EORI: DE711735073556084<\/p>\t\t\t\t\t\t\t\t<\/div>\n\t\t\t\t<\/div>\n\t\t\t\t<\/div>\n\t\t\t\t<\/div>\n\t\t\t\t<\/div>\n\t\t\t\t<\/div>","protected":false},"excerpt":{"rendered":"<p>Impressum Angaben gem\u00e4\u00df \u00a7 5 TMG: coniugo.bes.tech GmbHNaugarder Stra\u00dfe 3910409 BerlinDeutschland Telefon: 030 920 945 550E-Mail: info@coniugo.bes.tech Gesch\u00e4ftsf\u00fchrer: Stephan Sprenger Christian Mahlo \u00a0 HRB 264067 B Amtsgericht Charlottenburg Sitz: Berlin \u00a0 USt-ID: DE368383326WEEE-Reg. Nr- DE41153300Zoll-EORI: DE711735073556084<\/p>","protected":false},"author":1,"featured_media":0,"parent":0,"menu_order":0,"comment_status":"closed","ping_status":"closed","template":"","meta":{"_acf_changed":false,"footnotes":""},"company":[5],"characteristic":[127],"class_list":["post-1096","page","type-page","status-publish","hentry","company-coniugo","characteristic-info"],"acf":[],"_links":{"self":[{"href":"https:\/\/michaelkobs.de\/en\/wp-json\/wp\/v2\/pages\/1096","targetHints":{"allow":["GET"]}}],"collection":[{"href":"https:\/\/michaelkobs.de\/en\/wp-json\/wp\/v2\/pages"}],"about":[{"href":"https:\/\/michaelkobs.de\/en\/wp-json\/wp\/v2\/types\/page"}],"author":[{"embeddable":true,"href":"https:\/\/michaelkobs.de\/en\/wp-json\/wp\/v2\/users\/1"}],"replies":[{"embeddable":true,"href":"https:\/\/michaelkobs.de\/en\/wp-json\/wp\/v2\/comments?post=1096"}],"version-history":[{"count":0,"href":"https:\/\/michaelkobs.de\/en\/wp-json\/wp\/v2\/pages\/1096\/revisions"}],"wp:attachment":[{"href":"https:\/\/michaelkobs.de\/en\/wp-json\/wp\/v2\/media?parent=1096"}],"wp:term":[{"taxonomy":"company","embeddable":true,"href":"https:\/\/michaelkobs.de\/en\/wp-json\/wp\/v2\/company?post=1096"},{"taxonomy":"characteristic","embeddable":true,"href":"https:\/\/michaelkobs.de\/en\/wp-json\/wp\/v2\/characteristic?post=1096"}],"curies":[{"name":"wp","href":"https:\/\/api.w.org\/{rel}","templated":true}]}}